{"id":60,"date":"2020-03-14T05:34:00","date_gmt":"2020-03-14T05:34:00","guid":{"rendered":"http:\/\/vovinaminfo.com\/san-diego\/?page_id=60"},"modified":"2020-05-30T08:42:11","modified_gmt":"2020-05-30T15:42:11","slug":"vovinam-lien-doan-tay-hoa-ky","status":"publish","type":"page","link":"https:\/\/vovinaminfo.com\/san-diego\/vi\/","title":{"rendered":"Vovinam Vi\u1ec7t V\u00f5 \u0110\u1ea1o &#8211; San Diego"},"content":{"rendered":"\n<h3 class=\"has-text-align-left\">Ch\u00e0o m\u1eebng qu\u00ed kh\u00e1ch \u0111\u1ebfn trang nh\u00e0 c\u1ee7a Vovinam Vi\u1ec7t V\u00f5 \u0110\u1ea1o &#8211; San Diego, th\u00e0nh vi\u00ean c\u1ee7a Li\u00ean \u0110o\u00e0n Vovinam Vi\u1ec7t V\u00f5 \u0110\u1ea1o T\u00e2y Hoa K\u1ef3, tr\u1ef1c thu\u1ed9c T\u1ed5ng Li\u00ean \u0110o\u00e0n Vovinam Vi\u1ec7t V\u00f5 \u0110\u1ea1o Th\u1ebf Gi\u1edbi.<br><\/h3>\n\n\n\n<div style=\"height:62px\" aria-hidden=\"true\" class=\"wp-block-spacer\"><\/div>\n\n\n\n<h3>S\u1ee9 M\u1ec7nh<\/h3>\n\n\n\n<p>S\u1ee9 m\u1ec7nh c\u1ee7a H\u1ed9i Vovinam t\u1ea1i San Diego l\u00e0 x\u00e2y d\u1ef1ng m\u1ed9t c\u1ed9ng \u0111\u1ed3ng v\u1eefng m\u1ea1nh th\u00f4ng qua c\u00e1c ch\u01b0\u01a1ng tr\u00ecnh, s\u1ef1 h\u01b0\u1edbng d\u1eabn v\u00e0 t\u00ednh k\u1ef7 lu\u1eadt c\u1ee7a m\u00f4n v\u00f5 Vi\u1ec7t Nam VOVINAM \u0111\u1ec3 ph\u00e1t tri\u1ec3n tr\u00ed tu\u1ec7 minh m\u1eabn, th\u00e2n th\u1ec3 c\u01b0\u1eddng tr\u00e1ng, tinh th\u1ea7n cao th\u01b0\u1ee3ng, t\u00ednh t\u1ef1 ki\u1ec1m ch\u1ebf, kh\u1ea3 n\u0103ng t\u1ef1 v\u1ec7, l\u00f2ng t\u00f4n tr\u1ecdng, s\u1ef1 nhi\u1ec7t t\u00ecnh v\u00e0 tinh th\u1ea7n ch\u1ed1ng b\u1ea1o l\u1ef1c.<\/p>\n","protected":false},"excerpt":{"rendered":"<p>Ch\u00e0o m\u1eebng qu\u00ed kh\u00e1ch \u0111\u1ebfn trang nh\u00e0 c\u1ee7a Vovinam Vi\u1ec7t V\u00f5 \u0110\u1ea1o &#8211; San Diego, th\u00e0nh vi\u00ean c\u1ee7a Li\u00ean \u0110o\u00e0n Vovinam Vi\u1ec7t V\u00f5 \u0110\u1ea1o T\u00e2y Hoa K\u1ef3, tr\u1ef1c thu\u1ed9c T\u1ed5ng Li\u00ean \u0110o\u00e0n Vovinam Vi\u1ec7t V\u00f5 \u0110\u1ea1o Th\u1ebf Gi\u1edbi. S\u1ee9 M\u1ec7nh S\u1ee9 m\u1ec7nh c\u1ee7a H\u1ed9i Vovinam t\u1ea1i San Diego l\u00e0 x\u00e2y d\u1ef1ng m\u1ed9t c\u1ed9ng \u0111\u1ed3ng v\u1eefng m\u1ea1nh th\u00f4ng qua c\u00e1c ch\u01b0\u01a1ng tr\u00ecnh, s\u1ef1 h\u01b0\u1edbng d\u1eabn v\u00e0 t\u00ednh k\u1ef7 lu\u1eadt c\u1ee7a m\u00f4n v\u00f5 Vi\u1ec7t Nam VOVINAM \u0111\u1ec3 ph\u00e1t tri\u1ec3n tr\u00ed tu\u1ec7 minh m\u1eabn, th\u00e2n th\u1ec3 c\u01b0\u1eddng tr\u00e1ng, tinh th\u1ea7n cao th\u01b0\u1ee3ng, t\u00ednh t\u1ef1 ki\u1ec1m ch\u1ebf, kh\u1ea3 n\u0103ng t\u1ef1 v\u1ec7, l\u00f2ng t\u00f4n tr\u1ecdng, s\u1ef1 nhi\u1ec7t t\u00ecnh v\u00e0 tinh th\u1ea7n ch\u1ed1ng b\u1ea1o l\u1ef1c.<\/p>\n","protected":false},"author":1,"featured_media":0,"parent":0,"menu_order":0,"comment_status":"closed","ping_status":"closed","template":"","meta":{"ngg_post_thumbnail":0,"advgb_blocks_editor_width":"","advgb_blocks_columns_visual_guide":""},"uagb_featured_image_src":{"full":false,"thumbnail":false,"medium":false,"medium_large":false,"large":false,"thumblist":false,"meccarouselthumb":false,"gridsquare":false,"tileview":false,"1536x1536":false,"2048x2048":false,"ashe-slider-full-thumbnail":false,"ashe-full-thumbnail":false,"ashe-list-thumbnail":false,"ashe-grid-thumbnail":false,"ashe-single-navigation":false},"uagb_author_info":{"display_name":"admin","author_link":"https:\/\/vovinaminfo.com\/san-diego\/author\/admin\/"},"uagb_comment_info":0,"uagb_excerpt":"Ch\u00e0o m\u1eebng qu\u00ed kh\u00e1ch \u0111\u1ebfn trang nh\u00e0 c\u1ee7a Vovinam Vi\u1ec7t V\u00f5 \u0110\u1ea1o &#8211; San Diego, th\u00e0nh vi\u00ean c\u1ee7a Li\u00ean \u0110o\u00e0n Vovinam Vi\u1ec7t V\u00f5 \u0110\u1ea1o T\u00e2y Hoa K\u1ef3, tr\u1ef1c thu\u1ed9c T\u1ed5ng Li\u00ean \u0110o\u00e0n Vovinam Vi\u1ec7t V\u00f5 \u0110\u1ea1o Th\u1ebf Gi\u1edbi. S\u1ee9 M\u1ec7nh S\u1ee9 m\u1ec7nh c\u1ee7a H\u1ed9i Vovinam t\u1ea1i San Diego l\u00e0 x\u00e2y d\u1ef1ng m\u1ed9t c\u1ed9ng \u0111\u1ed3ng v\u1eefng&hellip;","_links":{"self":[{"href":"https:\/\/vovinaminfo.com\/san-diego\/wp-json\/wp\/v2\/pages\/60"}],"collection":[{"href":"https:\/\/vovinaminfo.com\/san-diego\/wp-json\/wp\/v2\/pages"}],"about":[{"href":"https:\/\/vovinaminfo.com\/san-diego\/wp-json\/wp\/v2\/types\/page"}],"author":[{"embeddable":true,"href":"https:\/\/vovinaminfo.com\/san-diego\/wp-json\/wp\/v2\/users\/1"}],"replies":[{"embeddable":true,"href":"https:\/\/vovinaminfo.com\/san-diego\/wp-json\/wp\/v2\/comments?post=60"}],"version-history":[{"count":0,"href":"https:\/\/vovinaminfo.com\/san-diego\/wp-json\/wp\/v2\/pages\/60\/revisions"}],"wp:attachment":[{"href":"https:\/\/vovinaminfo.com\/san-diego\/wp-json\/wp\/v2\/media?parent=60"}],"curies":[{"name":"wp","href":"https:\/\/api.w.org\/{rel}","templated":true}]}}